{"id":11,"date":"2020-12-09T15:36:05","date_gmt":"2020-12-09T15:36:05","guid":{"rendered":"https:\/\/localhost:8888\/02hero\/?page_id=11"},"modified":"2025-07-10T14:37:04","modified_gmt":"2025-07-10T14:37:04","slug":"o-projektu","status":"publish","type":"page","link":"https:\/\/www.czor.org\/zdravlje-mladih-ispred-profita\/","title":{"rendered":"O programu"},"content":{"rendered":"<p>,,Zdravlje mladih ispred profita&#8221; je vi\u0161egodi\u0161nji program CZOR-a, usmeren na promociju prava mladih i odr\u017eivi socio-ekonomski razvoj, kroz smanjenje \u0161tetnog dejstva alkohola na razvoj mladih.<\/p>\n<p>Kao program, ovo \u0107e biti postignuto kroz:<\/p>\n<ol>\n<li>Mobilizaciju i osna\u017eivanje relevantnih aktera (roditelja, mladih, organizacija civilnog dru\u0161tva) da stvore uslove za zdrav razvoj i izgradnju kompetencija mladih za otpornost na \u0161tetu izazvanu alkoholom;<\/li>\n<li>Usvajanje i sprovo\u0111enje javnih politika zasnovanih na dokazima, koje se bave ure\u0111ivanjem dostupnosti i promocije alkohola, kroz me\u0111usektorsku saradnju, i ja\u010danjem uloge OCD kroz izgradnju nacionalnih i regionalnih mre\u017ea i saveza;<\/li>\n<li>Ja\u010danje kapaciteta samog CZOR-a kao odr\u017eivog doprinosioca dru\u0161tvenom razvoju i smanjenju \u0161tete od alkohola.<\/li>\n<\/ol>\n<p><img loading=\"lazy\" decoding=\"async\" class=\"alignnone size-full wp-image-2077 aligncenter\" src=\"https:\/\/www.czor.org\/zdravlje-mladih-ispred-profita\/wp-content\/uploads\/2023\/08\/Za-sajt-Baner-flasa.png\" alt=\"\" width=\"600\" height=\"332\" srcset=\"https:\/\/www.czor.org\/zdravlje-mladih-ispred-profita\/wp-content\/uploads\/2023\/08\/Za-sajt-Baner-flasa.png 600w, https:\/\/www.czor.org\/zdravlje-mladih-ispred-profita\/wp-content\/uploads\/2023\/08\/Za-sajt-Baner-flasa-300x166.png 300w\" sizes=\"auto, (max-width: 600px) 100vw, 600px\" \/><\/p>\n<h2>Za\u0161to se CZOR bavi ovom temom?<\/h2>\n<p>CZOR se ve\u0107 vi\u0161e od 10 godina aktivno bavi temom prevencije \u0161tetnih posledica alkohola, kroz razli\u010dite lokalne, nacionalne, me\u0111unarodne aktivnosti, a imaju\u0107i na umu prava mladih na zdravo i sigurno okru\u017eenje, prava na bezbedno i zdravo odrastanje i razvoj.<\/p>\n<p>Prema poslednjim podacima, u grupi mladih uzrasta od 15 do 30 godina, 70,9% mladih konzumira alkohol, smatraju\u0107i da im je on lako dostupan jer je sveprisutan u njihovim doma\u0107instvima, te da se zakoni Republike Srbije u ovoj oblasti slabo primenjuju. \u0160tavi\u0161e, 75.1% mladih izjavljuje da su alkohol prvi put probali kao maloletnici,\u00a0 iako po zakonu nije dozvoljena prodaja alkohola maloletnim licima. Alkohol se danas naro\u010dito koristi kao &#8221;lubrikant&#8221;, da olak\u0161a post-kovid izolaciju, \u0161to vodi kao zloupotrebi psihoaktivnih supstanci i rizi\u010dnom pona\u0161anju, a eksperti\/kinje za mentalno zdravlje smatraju da je ovo veliki problem \u010dije \u0107e posledice postati vidljive tek u godinama koje dolaze.<\/p>\n<p>Naro\u010dito izlo\u017eene su ranjive zajednice, gde mladi zapo\u010dinju sa konzumacijom alkohola i droga ve\u0107 kao deca (44.6% dece iz neformalnih romskih zajednica Veliki rit i \u0160angaj konzumira alkohol ve\u0107 sa 13 godina). Deca i mladi iz ugro\u017eenih zajednica okre\u0107u se ka alkoholu kao re\u0161enju za izbegavanje problema (u odgovoru na stresore kao \u0161to su stigma i diskriminacija koju trpe), uskra\u0107enost u porodi\u010dnom i susedskom okru\u017eenju), ali i usled nedostatka besplatnih aktivnosti u njihovim zajednicama (pojava koja se naziva rekreativna konzumacija alkohola).<\/p>\n<p>Pitanje dostupnosti, promocije i operezivanja alkohola regulisano je razli\u010ditim dokumentima javnih politika (Zakon o za\u0161titi potro\u0161a\u010da, Zakon o javnom redu i miru, Zakon o javnom ogla\u0161avanju, itd.), sa vrlo vidljivim razlikama u tome kako reguli\u0161u razli\u010dita pitanja (npr. Zakon o za\u0161titi potro\u0161a\u010da zabranjuje prodaju, uslu\u017eivanje i poklanjanje alkoholnih pi\u0107a osobama mla\u0111im od 18 godina, dok Zakon o javnom redu i miru ovu granicu &#8221;spu\u0161ta&#8221; na 16 godina). Posledi\u010dno, ovo vodi razli\u010ditim praksama u oblasti kontrole i ka\u017enjavanja prodaje alkohola. CZOR je ovo pitanje adresirao na nacionalnom nivou, \u0161to je dovelo do formiranja 2 nacionalne me\u0111usektorske radne grupe, koje \u010dine predstavnici\/e relevantnih dr\u017eavnih institucija (ministarstava), me\u0111unarodnih i nacionalnih OCD, koje se bave (1) koordinacijom deljenja informacija i prioritizacijom pitanja koja bi trebalo adresirati (u domenu javnih politika) i (2) sprovo\u0111enjem i harmonizacijom zakona\/javnih politika koje reguli\u0161u dostupnost i ka\u017enjavanje prodaje alkohola maloletnima.<\/p>\n<p>U Srbiji, kao ni u \u010ditavom regionu Zapadnog Balkana, ne postoji mre\u017ea OCD koje se bave temom prevencije alkohola. Sam omladinski sektor u Srbiji okuplja oko 20% mladih iz ove zemlje, te je CZOR u prethodnim godinama intenzivno radio na osna\u017eivanju nacionalnih i lokalnih OCD (uklju\u010duju\u0107i i iniciranje usvajanja Standarda za prevenciju konzumacije alkohola u omladinskim aktivnostima), kako bi se zajedni\u010dkim snagama kreiralo zdravije i bezbednije okru\u017eenje za mlade.<\/p>\n<p><img loading=\"lazy\" decoding=\"async\" class=\"aligncenter wp-image-2082 size-full\" src=\"https:\/\/www.czor.org\/zdravlje-mladih-ispred-profita\/wp-content\/uploads\/2023\/08\/26381175-f6bd-47fa-8ecf-05004f10347c.png\" alt=\"\" width=\"650\" height=\"339\" srcset=\"https:\/\/www.czor.org\/zdravlje-mladih-ispred-profita\/wp-content\/uploads\/2023\/08\/26381175-f6bd-47fa-8ecf-05004f10347c.png 650w, https:\/\/www.czor.org\/zdravlje-mladih-ispred-profita\/wp-content\/uploads\/2023\/08\/26381175-f6bd-47fa-8ecf-05004f10347c-300x156.png 300w\" sizes=\"auto, (max-width: 650px) 100vw, 650px\" \/><\/p>\n<p>Pored OCD, va\u017ean akter u borbi za prava mladih jesu upravo sami mladi. CZOR razli\u010ditim programima i aktivnostima radi na tome da za mlade kreira zdravo i bezbedno okru\u017eenje za kvalitetno provo\u0111enje slobodnog vremena. Kako sami mladi ka\u017eu<\/p>\n<blockquote>\n<h3>CZOR je uto\u010di\u0161te i bezbedno mesto za mlade koji ne \u017eele da se okupljaju na javnim mestima koja slu\u017ee alkohol.<\/h3>\n<\/blockquote>\n<p>Zbog toga \u0107e CZOR i u narednom periodu raditi na odr\u017eavanju kontinuiteta svojih programa omladinskog rada u prostoru bez alkohola, gde su razli\u010ditosti prihva\u0107ene i mladi imaju podr\u0161ku da izgrade svoj identitet i samopouzdanje, te aktivno u\u010destvuju u kreiranju i sprovo\u0111enju aktivnosti.<\/p>\n<p>Program ,,Zdravlje mladih ispred profita&#8221; podr\u017ean je kroz razli\u010dite projekte od strane <a href=\"https:\/\/www.iogtntororelsen.se\/en\/\">IOGT-NTO Movement-a<\/a> iz \u0160vedske, <a href=\"http:\/\/www.mto.gov.rs\">Ministarstva turizma i omladine Republike Srbije<\/a> i <a href=\"https:\/\/commission.europa.eu\/index_en\">Evropske komisije<\/a>.<\/p>\n<p><a href=\"#_ftnref1\" name=\"_ftn1\"><\/a><a href=\"#_ftnref3\" name=\"_ftn3\"><\/a><\/p>\n<div id='gallery-1' class='gallery galleryid-11 gallery-columns-2 gallery-size-thumbnail'><figure class='gallery-item'>\n\t\t\t<div class='gallery-icon landscape'>\n\t\t\t\t<img loading=\"lazy\" decoding=\"async\" width=\"730\" height=\"226\" src=\"https:\/\/www.czor.org\/zdravlje-mladih-ispred-profita\/wp-content\/uploads\/2023\/10\/\u041c\u0422\u041e_HORIZONTALNI-min-1-730x226.png\" class=\"attachment-thumbnail size-thumbnail\" alt=\"\" srcset=\"https:\/\/www.czor.org\/zdravlje-mladih-ispred-profita\/wp-content\/uploads\/2023\/10\/\u041c\u0422\u041e_HORIZONTALNI-min-1-730x226.png 730w, https:\/\/www.czor.org\/zdravlje-mladih-ispred-profita\/wp-content\/uploads\/2023\/10\/\u041c\u0422\u041e_HORIZONTALNI-min-1-300x93.png 300w, https:\/\/www.czor.org\/zdravlje-mladih-ispred-profita\/wp-content\/uploads\/2023\/10\/\u041c\u0422\u041e_HORIZONTALNI-min-1-1024x317.png 1024w, https:\/\/www.czor.org\/zdravlje-mladih-ispred-profita\/wp-content\/uploads\/2023\/10\/\u041c\u0422\u041e_HORIZONTALNI-min-1-768x238.png 768w, https:\/\/www.czor.org\/zdravlje-mladih-ispred-profita\/wp-content\/uploads\/2023\/10\/\u041c\u0422\u041e_HORIZONTALNI-min-1-1536x475.png 1536w, https:\/\/www.czor.org\/zdravlje-mladih-ispred-profita\/wp-content\/uploads\/2023\/10\/\u041c\u0422\u041e_HORIZONTALNI-min-1-2048x634.png 2048w\" sizes=\"auto, (max-width: 730px) 100vw, 730px\" \/>\n\t\t\t<\/div><\/figure><figure class='gallery-item'>\n\t\t\t<div class='gallery-icon landscape'>\n\t\t\t\t<img loading=\"lazy\" decoding=\"async\" width=\"730\" height=\"198\" src=\"https:\/\/www.czor.org\/zdravlje-mladih-ispred-profita\/wp-content\/uploads\/2025\/07\/EUzaTebe_logo-730x198.png\" class=\"attachment-thumbnail size-thumbnail\" alt=\"\" srcset=\"https:\/\/www.czor.org\/zdravlje-mladih-ispred-profita\/wp-content\/uploads\/2025\/07\/EUzaTebe_logo-730x198.png 730w, https:\/\/www.czor.org\/zdravlje-mladih-ispred-profita\/wp-content\/uploads\/2025\/07\/EUzaTebe_logo-300x81.png 300w, https:\/\/www.czor.org\/zdravlje-mladih-ispred-profita\/wp-content\/uploads\/2025\/07\/EUzaTebe_logo-768x208.png 768w, https:\/\/www.czor.org\/zdravlje-mladih-ispred-profita\/wp-content\/uploads\/2025\/07\/EUzaTebe_logo.png 959w\" sizes=\"auto, (max-width: 730px) 100vw, 730px\" \/>\n\t\t\t<\/div><\/figure><figure class='gallery-item'>\n\t\t\t<div class='gallery-icon landscape'>\n\t\t\t\t<img loading=\"lazy\" decoding=\"async\" width=\"312\" height=\"102\" src=\"https:\/\/www.czor.org\/zdravlje-mladih-ispred-profita\/wp-content\/uploads\/2023\/08\/IOGT-NTO-Movement_v.2_Black.png\" class=\"attachment-thumbnail size-thumbnail\" alt=\"\" srcset=\"https:\/\/www.czor.org\/zdravlje-mladih-ispred-profita\/wp-content\/uploads\/2023\/08\/IOGT-NTO-Movement_v.2_Black.png 312w, https:\/\/www.czor.org\/zdravlje-mladih-ispred-profita\/wp-content\/uploads\/2023\/08\/IOGT-NTO-Movement_v.2_Black-300x98.png 300w\" sizes=\"auto, (max-width: 312px) 100vw, 312px\" \/>\n\t\t\t<\/div><\/figure>\n\t\t<\/div>\n\n","protected":false},"excerpt":{"rendered":"<p>,,Zdravlje mladih ispred profita&#8221; je vi\u0161egodi\u0161nji program CZOR-a, usmeren na promociju prava mladih i odr\u017eivi socio-ekonomski razvoj, kroz smanjenje \u0161tetnog dejstva alkohola na razvoj mladih. Kao program, ovo \u0107e biti postignuto kroz: Mobilizaciju i osna\u017eivanje relevantnih aktera (roditelja, mladih, organizacija civilnog dru\u0161tva) da stvore uslove za zdrav razvoj i izgradnju kompetencija mladih za otpornost na [&hellip;]<\/p>\n","protected":false},"author":1,"featured_media":0,"parent":0,"menu_order":3,"comment_status":"closed","ping_status":"closed","template":"__fe-templates\/fe-page-about-project.php","meta":{"om_disable_all_campaigns":false,"inline_featured_image":false,"_monsterinsights_skip_tracking":false,"_monsterinsights_sitenote_active":false,"_monsterinsights_sitenote_note":"","_monsterinsights_sitenote_category":0,"_uf_show_specific_survey":0,"_uf_disable_surveys":false,"footnotes":""},"class_list":["post-11","page","type-page","status-publish","hentry"],"acf":[],"yoast_head":"<!-- This site is optimized with the Yoast SEO plugin v20.12 - https:\/\/yoast.com\/wordpress\/plugins\/seo\/ -->\n<title>O programu - Zdravlje Mladih Ispred Profita<\/title>\n<meta name=\"robots\" content=\"index, follow, max-snippet:-1, max-image-preview:large, max-video-preview:-1\" \/>\n<link rel=\"canonical\" href=\"https:\/\/www.czor.org\/zdravlje-mladih-ispred-profita\/\" \/>\n<meta property=\"og:locale\" content=\"en_US\" \/>\n<meta property=\"og:type\" content=\"article\" \/>\n<meta property=\"og:title\" content=\"O programu - Zdravlje Mladih Ispred Profita\" \/>\n<meta property=\"og:description\" content=\",,Zdravlje mladih ispred profita&#8221; je vi\u0161egodi\u0161nji program CZOR-a, usmeren na promociju prava mladih i odr\u017eivi socio-ekonomski razvoj, kroz smanjenje \u0161tetnog dejstva alkohola na razvoj mladih. Kao program, ovo \u0107e biti postignuto kroz: Mobilizaciju i osna\u017eivanje relevantnih aktera (roditelja, mladih, organizacija civilnog dru\u0161tva) da stvore uslove za zdrav razvoj i izgradnju kompetencija mladih za otpornost na [&hellip;]\" \/>\n<meta property=\"og:url\" content=\"https:\/\/www.czor.org\/zdravlje-mladih-ispred-profita\/\" \/>\n<meta property=\"og:site_name\" content=\"Zdravlje Mladih Ispred Profita\" \/>\n<meta property=\"article:modified_time\" content=\"2025-07-10T14:37:04+00:00\" \/>\n<meta property=\"og:image\" content=\"https:\/\/www.czor.org\/zdravlje-mladih-ispred-profita\/wp-content\/uploads\/2023\/10\/\u041c\u0422\u041e_HORIZONTALNI-min-1-730x226.png\" \/>\n<meta name=\"twitter:card\" content=\"summary_large_image\" \/>\n<meta name=\"twitter:label1\" content=\"Est. reading time\" \/>\n\t<meta name=\"twitter:data1\" content=\"4 minutes\" \/>\n<script type=\"application\/ld+json\" class=\"yoast-schema-graph\">{\"@context\":\"https:\/\/schema.org\",\"@graph\":[{\"@type\":\"WebPage\",\"@id\":\"https:\/\/www.czor.org\/zdravlje-mladih-ispred-profita\/\",\"url\":\"https:\/\/www.czor.org\/zdravlje-mladih-ispred-profita\/\",\"name\":\"O programu - Zdravlje Mladih Ispred Profita\",\"isPartOf\":{\"@id\":\"https:\/\/www.czor.org\/zdravlje-mladih-ispred-profita\/#website\"},\"datePublished\":\"2020-12-09T15:36:05+00:00\",\"dateModified\":\"2025-07-10T14:37:04+00:00\",\"breadcrumb\":{\"@id\":\"https:\/\/www.czor.org\/zdravlje-mladih-ispred-profita\/#breadcrumb\"},\"inLanguage\":\"en-US\",\"potentialAction\":[{\"@type\":\"ReadAction\",\"target\":[\"https:\/\/www.czor.org\/zdravlje-mladih-ispred-profita\/\"]}]},{\"@type\":\"BreadcrumbList\",\"@id\":\"https:\/\/www.czor.org\/zdravlje-mladih-ispred-profita\/#breadcrumb\",\"itemListElement\":[{\"@type\":\"ListItem\",\"position\":1,\"name\":\"\u041f\u043e\u0447\u0435\u0442\u043d\u0430\",\"item\":\"https:\/\/www.czor.org\/zdravlje-mladih-ispred-profita\/\"},{\"@type\":\"ListItem\",\"position\":2,\"name\":\"O programu\"}]},{\"@type\":\"WebSite\",\"@id\":\"https:\/\/www.czor.org\/zdravlje-mladih-ispred-profita\/#website\",\"url\":\"https:\/\/www.czor.org\/zdravlje-mladih-ispred-profita\/\",\"name\":\"Zdravlje Mladih Ispred Profita\",\"description\":\"\",\"potentialAction\":[{\"@type\":\"SearchAction\",\"target\":{\"@type\":\"EntryPoint\",\"urlTemplate\":\"https:\/\/www.czor.org\/zdravlje-mladih-ispred-profita\/?s={search_term_string}\"},\"query-input\":\"required name=search_term_string\"}],\"inLanguage\":\"en-US\"}]}<\/script>\n<!-- \/ Yoast SEO plugin. -->","yoast_head_json":{"title":"O programu - Zdravlje Mladih Ispred Profita","robots":{"index":"index","follow":"follow","max-snippet":"max-snippet:-1","max-image-preview":"max-image-preview:large","max-video-preview":"max-video-preview:-1"},"canonical":"https:\/\/www.czor.org\/zdravlje-mladih-ispred-profita\/","og_locale":"en_US","og_type":"article","og_title":"O programu - Zdravlje Mladih Ispred Profita","og_description":",,Zdravlje mladih ispred profita&#8221; je vi\u0161egodi\u0161nji program CZOR-a, usmeren na promociju prava mladih i odr\u017eivi socio-ekonomski razvoj, kroz smanjenje \u0161tetnog dejstva alkohola na razvoj mladih. Kao program, ovo \u0107e biti postignuto kroz: Mobilizaciju i osna\u017eivanje relevantnih aktera (roditelja, mladih, organizacija civilnog dru\u0161tva) da stvore uslove za zdrav razvoj i izgradnju kompetencija mladih za otpornost na [&hellip;]","og_url":"https:\/\/www.czor.org\/zdravlje-mladih-ispred-profita\/","og_site_name":"Zdravlje Mladih Ispred Profita","article_modified_time":"2025-07-10T14:37:04+00:00","og_image":[{"url":"https:\/\/www.czor.org\/zdravlje-mladih-ispred-profita\/wp-content\/uploads\/2023\/10\/\u041c\u0422\u041e_HORIZONTALNI-min-1-730x226.png"}],"twitter_card":"summary_large_image","twitter_misc":{"Est. reading time":"4 minutes"},"schema":{"@context":"https:\/\/schema.org","@graph":[{"@type":"WebPage","@id":"https:\/\/www.czor.org\/zdravlje-mladih-ispred-profita\/","url":"https:\/\/www.czor.org\/zdravlje-mladih-ispred-profita\/","name":"O programu - Zdravlje Mladih Ispred Profita","isPartOf":{"@id":"https:\/\/www.czor.org\/zdravlje-mladih-ispred-profita\/#website"},"datePublished":"2020-12-09T15:36:05+00:00","dateModified":"2025-07-10T14:37:04+00:00","breadcrumb":{"@id":"https:\/\/www.czor.org\/zdravlje-mladih-ispred-profita\/#breadcrumb"},"inLanguage":"en-US","potentialAction":[{"@type":"ReadAction","target":["https:\/\/www.czor.org\/zdravlje-mladih-ispred-profita\/"]}]},{"@type":"BreadcrumbList","@id":"https:\/\/www.czor.org\/zdravlje-mladih-ispred-profita\/#breadcrumb","itemListElement":[{"@type":"ListItem","position":1,"name":"\u041f\u043e\u0447\u0435\u0442\u043d\u0430","item":"https:\/\/www.czor.org\/zdravlje-mladih-ispred-profita\/"},{"@type":"ListItem","position":2,"name":"O programu"}]},{"@type":"WebSite","@id":"https:\/\/www.czor.org\/zdravlje-mladih-ispred-profita\/#website","url":"https:\/\/www.czor.org\/zdravlje-mladih-ispred-profita\/","name":"Zdravlje Mladih Ispred Profita","description":"","potentialAction":[{"@type":"SearchAction","target":{"@type":"EntryPoint","urlTemplate":"https:\/\/www.czor.org\/zdravlje-mladih-ispred-profita\/?s={search_term_string}"},"query-input":"required name=search_term_string"}],"inLanguage":"en-US"}]}},"_links":{"self":[{"href":"https:\/\/www.czor.org\/zdravlje-mladih-ispred-profita\/wp-json\/wp\/v2\/pages\/11","targetHints":{"allow":["GET"]}}],"collection":[{"href":"https:\/\/www.czor.org\/zdravlje-mladih-ispred-profita\/wp-json\/wp\/v2\/pages"}],"about":[{"href":"https:\/\/www.czor.org\/zdravlje-mladih-ispred-profita\/wp-json\/wp\/v2\/types\/page"}],"author":[{"embeddable":true,"href":"https:\/\/www.czor.org\/zdravlje-mladih-ispred-profita\/wp-json\/wp\/v2\/users\/1"}],"replies":[{"embeddable":true,"href":"https:\/\/www.czor.org\/zdravlje-mladih-ispred-profita\/wp-json\/wp\/v2\/comments?post=11"}],"version-history":[{"count":34,"href":"https:\/\/www.czor.org\/zdravlje-mladih-ispred-profita\/wp-json\/wp\/v2\/pages\/11\/revisions"}],"predecessor-version":[{"id":2175,"href":"https:\/\/www.czor.org\/zdravlje-mladih-ispred-profita\/wp-json\/wp\/v2\/pages\/11\/revisions\/2175"}],"wp:attachment":[{"href":"https:\/\/www.czor.org\/zdravlje-mladih-ispred-profita\/wp-json\/wp\/v2\/media?parent=11"}],"curies":[{"name":"wp","href":"https:\/\/api.w.org\/{rel}","templated":true}]}}